{"id":51,"date":"2022-03-07T15:28:19","date_gmt":"2022-03-07T14:28:19","guid":{"rendered":"http:\/\/pass-schutzhuelle.de\/?page_id=51"},"modified":"2024-07-03T16:47:16","modified_gmt":"2024-07-03T14:47:16","slug":"impressum","status":"publish","type":"page","link":"https:\/\/taxexpert-dresden.de\/?page_id=51","title":{"rendered":"Impressum"},"content":{"rendered":"<p><b class=\"contentbold\">Pflichtangaben gem. \u00a7 5 Digitale-Dienste-Gesetz(DDG)<\/b><\/p>\n<p>Verantwortlich f\u00fcr den Inhalt dieser Seite ist<\/p>\n<p>TaxExpert Steuerberatungsges. mbH<br \/>\nK\u00f6nigsbr\u00fccker Str. 54<br \/>\n01099 Dresden<br \/>\nTel: +49 351 &#8211; 810 74 69<br \/>\nFax: +49 351 &#8211; 563 55 734<br \/>\nEmail: info (at) taxexpert-dresden.de<\/p>\n<p>Sitz der Gesellschaft: 01099 Dresden<\/p>\n<p>Gesch\u00e4ftsf\u00fchrer:<br \/>\nTorsten Sch\u00e4fer, Steuerberater<\/p>\n<p>zust\u00e4ndige Kammer:<br \/>\nSteuerberaterkammer des Freistaates Sachsen, Emil-Fuchs-Str. 2, 04105 Leipzig<br \/>\nTel.: +49 341 56336 0<br \/>\nFax: +49 341 56336 20<br \/>\nE-Mail: kammer (at) sbk-sachsen.de<\/p>\n<p>Handelsregister Dresden: HRB 23977<br \/>\nUStID: DE244469270<\/p>\n<p><b class=\"contentbold\">berufsrechtlichen Regelungen:<\/b><\/p>\n<p>Der Berufsstand der Steuerberater unterliegt im Wesentlichen den nachstehenden berufsrechtlichen Regelungen:<br \/>\nSteuerberatungsgesetz (StBerG)<br \/>\nDurchf\u00fchrungsverordnung zum Steuerberatungsgesetz (DVStB)<br \/>\nBerufsordnung (BOStB)<br \/>\nSteuerberaterverg\u00fctungsverordnung (StBVV)<\/p>\n<p>Die berufsrechtlichen Regelungen k\u00f6nnen bei der zust\u00e4ndigen Rechtsanwalts- bzw. Steuerberaterkammer eingesehen werden (www.bstbk.de).<br \/>\nDie Befugnis zum F\u00fchren der Bezeichnung Steuerberater wurde durch den f\u00fcr die TaxExpert Steuerberatungsgesellschaft mbH t\u00e4tigen Steuerberater in der Bundesrepublik Deutschland erlangt.<\/p>\n<p><b class=\"contentbold\"><br \/>\nBerufshaftpflichtversicherung:<\/b><\/p>\n<p>&#8230; besteht bei der R+V Allgemeine Versicherung AG, Voltastra\u00dfe 84, 60486 Frankfurt. Sie gilt bundesweit.<\/p>\n<p><b class=\"contentbold\">Streitbeilegungsverfahren:<\/b><\/p>\n<p>Laut \u00a7 36 VSBG erkl\u00e4ren wir hiermit, dass\u00a0\u00a0keine Verpflichtung und keine Bereitschaft zur Teilnahme an einem Streitbeilegungsverfahren vor einer Verbraucherschlichtungsstelle besteht.<\/p>\n<p><b class=\"contentbold\">Geb\u00fchren der Dienstleistungen:<\/b><\/p>\n<p>Die Geb\u00fchren unserer Dienstleistungen richten sich nach gesetzlichen Vorschriften, die in der Steuerberaterverg\u00fctungsverordnung (StBVV) zusammengefasst sind.<\/p>\n<p><b class=\"contentbold\">Bildquellennachweis:<\/b><\/p>\n<div class=\"alignjustify\">\n<p>Die Bilder im Bereich stammen von der Webseite www.pixelio.de, einer kostenlosen Bilddatenbank f\u00fcr lizenzfreie Fotos.<\/p>\n<p><b class=\"contentbold\">Beachten Sie bei der Benutzung unseres Internetangebots bitte folgenden Hinweis:<\/b><\/p>\n<p>Soweit sich auf dieser Seite Verweise auf fremde Internetangebote (sog. Links) befinden, so haben wir auf die dort ver\u00f6ffentlichten Inhalte keinerlei Einfluss. Durch das Setzen eines Links machen wir uns die dort zug\u00e4nglichen Inhalte nicht zu eigen. Insbesondere haben wir keinen Einfluss auf die nachtr\u00e4gliche \u00c4nderung dieser Angebote. Wir danken f\u00fcr Ihr Verst\u00e4ndnis.<\/p>\n<p>Eine Vervielf\u00e4ltigung oder Verbreitung aller oder einzelner Seiten oder ihrer Inhalte ist nur mit vorheriger schriftlichen Einwilligung und dann nur in Verbindung mit einer Quellenangabe zul\u00e4ssig.<\/p>\n<p>Die Internet-Pr\u00e4senz der TaxExpert StBg. mbH enth\u00e4lt Verkn\u00fcpfungen zu Internet-Seiten Dritter (&#8222;externe Links&#8220;). Diese Internet-Seiten unterliegen der Haftung der jeweiligen Betreiber. Die TaxExpert StBg. mbH hat bei der erstmaligen Verkn\u00fcpfung der externen Links die fremden Inhalte daraufhin \u00fcberpr\u00fcft, ob etwaige Rechtsverst\u00f6\u00dfe bestehen. Zu dem Zeitpunkt waren keine Rechtsverst\u00f6\u00dfe ersichtlich.<\/p>\n<p>Die TaxExpert StBg. mbH hat keinerlei Einfluss auf die aktuelle und zuk\u00fcnftige Gestaltung und auf die Inhalte der verkn\u00fcpften Seiten. Die TaxExpert StBg. mbH distanziert sich daher ausdr\u00fccklich von illegalen oder gegen die guten Sitten versto\u00dfenden Inhalten der verlinkten Seiten.<\/p>\n<p>F\u00fcr illegale, fehlerhafte oder unvollst\u00e4ndige Inhalte und insbesondere f\u00fcr Sch\u00e4den, die aus der Nutzung oder Nichtnutzung der \u00fcber die Verlinkung angebotenen Informationen entstehen, haftet alleine der Anbieter der Seite, auf die verwiesen wurde, nicht jedoch dieTaxExpert StBg. mbH, die durch die Linksetzung lediglich auf die Ver\u00f6ffentlichung verweist.<\/p>\n<p>Das Setzen von externen Links bedeutet nicht, dass sich dieTaxExpert StBg. mbH die hinter dem Verweis oder Link liegenden Inhalte zu Eigen macht. Eine st\u00e4ndige Kontrolle dieser externen Links ist f\u00fcr dieTaxExpert StBg. mbH ohne konkrete Hinweise auf Rechtsverst\u00f6\u00dfe nicht zumutbar. Bei Kenntnis von Rechtsverst\u00f6\u00dfen werden jedoch derartige externe Links unverz\u00fcglich gel\u00f6scht.<\/p>\n<p>Der Inhalt der Seite &#8222;InfoEcke&#8220; wurde von uns gewissenhaft recherchiert. Haftung und Gew\u00e4hr f\u00fcr die Korrektheit, Aktualit\u00e4t, Vollst\u00e4ndigkeit und Qualit\u00e4t der Inhalte sind ausgeschlossen. Die Nutzung der Inhalte erfolgt auf eigene Gefahr des Nutzers. Die Informationen stellen keine steuerliche oder rechtliche Beratung dar und begr\u00fcnden kein Beratungsverh\u00e4ltnis.<\/p>\n<\/div>\n","protected":false},"excerpt":{"rendered":"<p>Pflichtangaben gem. \u00a7 5 Digitale-Dienste-Gesetz(DDG) Verantwortlich f\u00fcr den Inhalt dieser Seite ist TaxExpert Steuerberatungsges. mbH K\u00f6nigsbr\u00fccker Str. 54 01099 Dresden Tel: +49 351 &#8211; 810 74 69 Fax: +49 351 &#8211; 563 55 734 Email: info (at) taxexpert-dresden.de Sitz der Gesellschaft: 01099 Dresden Gesch\u00e4ftsf\u00fchrer: Torsten Sch\u00e4fer, Steuerberater zust\u00e4ndige Kammer: Steuerberaterkammer des Freistaates Sachsen, Emil-Fuchs-Str. 2, [&hellip;]<\/p>\n","protected":false},"author":1,"featured_media":0,"parent":0,"menu_order":10,"comment_status":"closed","ping_status":"closed","template":"","meta":{"footnotes":""},"class_list":["post-51","page","type-page","status-publish","hentry"],"_links":{"self":[{"href":"https:\/\/taxexpert-dresden.de\/index.php?rest_route=\/wp\/v2\/pages\/51","targetHints":{"allow":["GET"]}}],"collection":[{"href":"https:\/\/taxexpert-dresden.de\/index.php?rest_route=\/wp\/v2\/pages"}],"about":[{"href":"https:\/\/taxexpert-dresden.de\/index.php?rest_route=\/wp\/v2\/types\/page"}],"author":[{"embeddable":true,"href":"https:\/\/taxexpert-dresden.de\/index.php?rest_route=\/wp\/v2\/users\/1"}],"replies":[{"embeddable":true,"href":"https:\/\/taxexpert-dresden.de\/index.php?rest_route=%2Fwp%2Fv2%2Fcomments&post=51"}],"version-history":[{"count":5,"href":"https:\/\/taxexpert-dresden.de\/index.php?rest_route=\/wp\/v2\/pages\/51\/revisions"}],"predecessor-version":[{"id":275,"href":"https:\/\/taxexpert-dresden.de\/index.php?rest_route=\/wp\/v2\/pages\/51\/revisions\/275"}],"wp:attachment":[{"href":"https:\/\/taxexpert-dresden.de\/index.php?rest_route=%2Fwp%2Fv2%2Fmedia&parent=51"}],"curies":[{"name":"wp","href":"https:\/\/api.w.org\/{rel}","templated":true}]}}