{"id":143,"date":"2023-03-04T14:23:38","date_gmt":"2023-03-04T13:23:38","guid":{"rendered":"http:\/\/pass-schutzhuelle.de\/?page_id=143"},"modified":"2025-01-07T16:02:16","modified_gmt":"2025-01-07T15:02:16","slug":"willkommen","status":"publish","type":"page","link":"https:\/\/taxexpert-dresden.de\/","title":{"rendered":""},"content":{"rendered":"<h3>&#8222;Vereinfachungen&#8220; die keine sind, &#8222;Entlastungen&#8220; die belasten &#8230;<\/h3>\n<h3>Machen Sie Wochenende! Wir machen Steuer.<\/h3>\n<div id=\"mym-insert-here-176193\"><\/div>\n<p><script src=\"https:\/\/www.datev-mymarketing.de\/onlineMedia\/code.js?ids=176193\"><\/script><\/p>\n<p>Erfragen Sie unsere <b class=\"contentbold\">individuell abgestimmten Einstiegspakete<\/b> f\u00fcr <b class=\"contentbold\">Kleinunternehmer <\/b>und <b class=\"contentbold\">Existenzgr\u00fcnder <\/b>sowie die Angebote (z.B. Einkommensteuererkl\u00e4rungen) f\u00fcr <b class=\"contentbold\">Arbeitnehmer und Rentner!<\/b><\/p>\n<div class=\"aligncenter\"><b class=\"contentbold\">&#8230; in Dresden-Neustadt,<\/b> K\u00f6nigsbr\u00fccker Str. 54, <b class=\"contentbold\">N\u00e4he Schauburg,<\/b> erreichbar u.a. \u00fcber Stra\u00dfenbahn <b class=\"contentbold\">Linien 7\/8<\/b> (Haltestelle Louisenstr.) oder <b class=\"contentbold\">Linie 13<\/b> (Haltestelle Bischofsweg) Melden Sie Ihren Besuch bitte kurz an: <a class=\"page\" title=\"Inhaltsseite &quot;Kontakt&quot; der Kategorie &quot;Willkommen&quot; anzeigen\" href=\"https:\/\/www.taxexpert-dresden.de\/index.php?cat=Willkommen&amp;page=Kontakt\">Kontakt<\/a><\/div>\n<p><b class=\"contentbold\">unsere Leistungen umfassen weiterhin:<\/b><\/p>\n<ul>\n<li><b class=\"contentbold\">laufende Buchf\u00fchrung<\/b> mit BWA und Controlling-Report,<br \/>\n<b class=\"contentbold\"><\/b><\/li>\n<li>Erstellung von Jahresabschl\u00fcssen, <b class=\"contentbold\">Bilanzen und Steuererkl\u00e4rungen<\/b><\/li>\n<li><b> <\/b><b class=\"contentbold\">Einkommensteuererkl\u00e4rungen, <\/b>auch f\u00fcr Arbeitnehmer, Rentner und Studenten<\/li>\n<li><b class=\"contentbold\">Erbschaftsteuer- und Schenkungsteuererkl\u00e4rungen<\/b><\/li>\n<li><b class=\"contentbold\">optimierte Unternehmensnachfolgeplanung<\/b><b>\n<li>Lohn- und Gehaltsabrechnung u.a.<\/li>\n<\/ul>\n","protected":false},"excerpt":{"rendered":"<p>&#8222;Vereinfachungen&#8220; die keine sind, &#8222;Entlastungen&#8220; die belasten &#8230; Machen Sie Wochenende! Wir machen Steuer. Erfragen Sie unsere individuell abgestimmten Einstiegspakete f\u00fcr Kleinunternehmer und Existenzgr\u00fcnder sowie die Angebote (z.B. Einkommensteuererkl\u00e4rungen) f\u00fcr Arbeitnehmer und Rentner! &#8230; in Dresden-Neustadt, K\u00f6nigsbr\u00fccker Str. 54, N\u00e4he Schauburg, erreichbar u.a. \u00fcber Stra\u00dfenbahn Linien 7\/8 (Haltestelle Louisenstr.) oder Linie 13 (Haltestelle Bischofsweg) Melden [&hellip;]<\/p>\n","protected":false},"author":2,"featured_media":0,"parent":0,"menu_order":1,"comment_status":"closed","ping_status":"closed","template":"","meta":{"footnotes":""},"class_list":["post-143","page","type-page","status-publish","hentry"],"_links":{"self":[{"href":"https:\/\/taxexpert-dresden.de\/index.php?rest_route=\/wp\/v2\/pages\/143","targetHints":{"allow":["GET"]}}],"collection":[{"href":"https:\/\/taxexpert-dresden.de\/index.php?rest_route=\/wp\/v2\/pages"}],"about":[{"href":"https:\/\/taxexpert-dresden.de\/index.php?rest_route=\/wp\/v2\/types\/page"}],"author":[{"embeddable":true,"href":"https:\/\/taxexpert-dresden.de\/index.php?rest_route=\/wp\/v2\/users\/2"}],"replies":[{"embeddable":true,"href":"https:\/\/taxexpert-dresden.de\/index.php?rest_route=%2Fwp%2Fv2%2Fcomments&post=143"}],"version-history":[{"count":19,"href":"https:\/\/taxexpert-dresden.de\/index.php?rest_route=\/wp\/v2\/pages\/143\/revisions"}],"predecessor-version":[{"id":291,"href":"https:\/\/taxexpert-dresden.de\/index.php?rest_route=\/wp\/v2\/pages\/143\/revisions\/291"}],"wp:attachment":[{"href":"https:\/\/taxexpert-dresden.de\/index.php?rest_route=%2Fwp%2Fv2%2Fmedia&parent=143"}],"curies":[{"name":"wp","href":"https:\/\/api.w.org\/{rel}","templated":true}]}}